{"id":16303,"date":"2024-04-09T19:35:38","date_gmt":"2024-04-09T19:35:38","guid":{"rendered":"https:\/\/home.mapertech.com\/?page_id=16303"},"modified":"2025-07-01T15:04:51","modified_gmt":"2025-07-01T15:04:51","slug":"monitoreo","status":"publish","type":"page","link":"https:\/\/global.mapertech.com\/en\/monitoreo\/","title":{"rendered":"Monitoring"},"content":{"rendered":"<div data-elementor-type=\"wp-page\" data-elementor-id=\"16303\" class=\"elementor elementor-16303\" data-elementor-post-type=\"page\">\n\t\t\t\t\t\t<section class=\"elementor-section elementor-top-section elementor-element elementor-element-f0139e6 elementor-section-full_width elementor-section-height-min-height elementor-section-height-default elementor-section-items-middle\" data-id=\"f0139e6\" data-element_type=\"section\" data-settings=\"{&quot;background_background&quot;:&quot;classic&quot;}\">\n\t\t\t\t\t\t\t<div class=\"elementor-background-overlay\"><\/div>\n\t\t\t\t\t\t\t<div class=\"elementor-container elementor-column-gap-default\">\n\t\t\t\t\t<div class=\"elementor-column elementor-col-100 elementor-top-column elementor-element elementor-element-015ae55\" data-id=\"015ae55\" data-element_type=\"column\" data-settings=\"{&quot;background_background&quot;:&quot;classic&quot;}\">\n\t\t\t<div class=\"elementor-widget-wrap elementor-element-populated\">\n\t\t\t\t\t\t<section class=\"elementor-section elementor-inner-section elementor-element elementor-element-56735d4 elementor-section-boxed elementor-section-height-default elementor-section-height-default\" data-id=\"56735d4\" data-element_type=\"section\">\n\t\t\t\t\t\t<div class=\"elementor-container elementor-column-gap-default\">\n\t\t\t\t\t<div class=\"elementor-column elementor-col-50 elementor-inner-column elementor-element elementor-element-66eba86\" data-id=\"66eba86\" data-element_type=\"column\">\n\t\t\t<div class=\"elementor-widget-wrap elementor-element-populated\">\n\t\t\t\t\t\t<div class=\"elementor-element elementor-element-993a235 elementor-widget__width-initial elementor-widget elementor-widget-heading\" data-id=\"993a235\" data-element_type=\"widget\" data-widget_type=\"heading.default\">\n\t\t\t\t<div class=\"elementor-widget-container\">\n\t\t\t\t\t<h1 class=\"elementor-heading-title elementor-size-default\">Always Know the Health of Your Plant<\/h1>\t\t\t\t<\/div>\n\t\t\t\t<\/div>\n\t\t\t\t<div class=\"elementor-element elementor-element-92b73ad elementor-widget elementor-widget-text-editor\" data-id=\"92b73ad\" data-element_type=\"widget\" data-widget_type=\"text-editor.default\">\n\t\t\t\t<div class=\"elementor-widget-container\">\n\t\t\t\t\t\t\t\t\t<p><span style=\"white-space-collapse: preserve;\">Visualize the status of your production process wherever you are, to predict asset failures and modernize your maintenance planning.<\/span><\/p>\t\t\t\t\t\t\t\t<\/div>\n\t\t\t\t<\/div>\n\t\t\t\t<div class=\"elementor-element elementor-element-e16ba1d elementor-mobile-align-center elementor-widget elementor-widget-button\" data-id=\"e16ba1d\" data-element_type=\"widget\" data-widget_type=\"button.default\">\n\t\t\t\t<div class=\"elementor-widget-container\">\n\t\t\t\t\t\t\t\t\t<div class=\"elementor-button-wrapper\">\n\t\t\t\t\t<a class=\"elementor-button elementor-button-link elementor-size-md\" href=\"#contacto-3\">\n\t\t\t\t\t\t<span class=\"elementor-button-content-wrapper\">\n\t\t\t\t\t\t<span class=\"elementor-button-icon\">\n\t\t\t\t<svg xmlns=\"http:\/\/www.w3.org\/2000\/svg\" width=\"35\" height=\"29\" viewbox=\"0 0 35 29\" fill=\"none\"><path d=\"M0.0527344 28.5265V25.3686H34.7896V28.5265H0.0527344ZM4.78958 23.7897C3.92116 23.7897 3.178 23.4807 2.5601 22.8628C1.94221 22.2449 1.63273 21.5013 1.63168 20.6318V3.26336C1.63168 2.39494 1.94116 1.65178 2.5601 1.03389C3.17905 0.415995 3.92221 0.106521 4.78958 0.105469H30.0527C30.9212 0.105469 31.6648 0.414943 32.2838 1.03389C32.9027 1.65284 33.2117 2.396 33.2106 3.26336V20.6318C33.2106 21.5002 32.9017 22.2439 32.2838 22.8628C31.6659 23.4818 30.9222 23.7907 30.0527 23.7897H4.78958ZM4.78958 20.6318H30.0527V3.26336H4.78958V20.6318Z\" fill=\"#F8F8F8\"><\/path><\/svg>\t\t\t<\/span>\n\t\t\t\t\t\t\t\t\t<span class=\"elementor-button-text\">Request Demo<\/span>\n\t\t\t\t\t<\/span>\n\t\t\t\t\t<\/a>\n\t\t\t\t<\/div>\n\t\t\t\t\t\t\t\t<\/div>\n\t\t\t\t<\/div>\n\t\t\t\t\t<\/div>\n\t\t<\/div>\n\t\t\t\t<div class=\"elementor-column elementor-col-50 elementor-inner-column elementor-element elementor-element-ee06933\" data-id=\"ee06933\" data-element_type=\"column\">\n\t\t\t<div class=\"elementor-widget-wrap\">\n\t\t\t\t\t\t\t<\/div>\n\t\t<\/div>\n\t\t\t\t\t<\/div>\n\t\t<\/section>\n\t\t\t\t\t<\/div>\n\t\t<\/div>\n\t\t\t\t\t<\/div>\n\t\t<\/section>\n\t\t\t\t<section class=\"elementor-section elementor-top-section elementor-element elementor-element-40ca741 elementor-section-boxed elementor-section-height-default elementor-section-height-default\" data-id=\"40ca741\" data-element_type=\"section\" data-settings=\"{&quot;background_background&quot;:&quot;classic&quot;}\">\n\t\t\t\t\t\t<div class=\"elementor-container elementor-column-gap-default\">\n\t\t\t\t\t<div class=\"elementor-column elementor-col-50 elementor-top-column elementor-element elementor-element-1e40366\" data-id=\"1e40366\" data-element_type=\"column\">\n\t\t\t<div class=\"elementor-widget-wrap elementor-element-populated\">\n\t\t\t\t\t\t<div class=\"elementor-element elementor-element-855ac1b elementor-widget elementor-widget-image\" data-id=\"855ac1b\" data-element_type=\"widget\" data-widget_type=\"image.default\">\n\t\t\t\t<div class=\"elementor-widget-container\">\n\t\t\t\t\t\t\t\t\t\t\t\t\t\t\t<img fetchpriority=\"high\" decoding=\"async\" width=\"426\" height=\"240\" src=\"https:\/\/maper-tech.com\/wp-content\/uploads\/2024\/07\/Video-sin-titulo-\u2010-Hecho-con-Clipchamp.gif\" class=\"attachment-medium_large size-medium_large wp-image-17454\" alt=\"Maper - Dashboard de Mantenimiento Predictivo\" \/>\t\t\t\t\t\t\t\t\t\t\t\t\t\t\t<\/div>\n\t\t\t\t<\/div>\n\t\t\t\t\t<\/div>\n\t\t<\/div>\n\t\t\t\t<div class=\"elementor-column elementor-col-50 elementor-top-column elementor-element elementor-element-77ae57d\" data-id=\"77ae57d\" data-element_type=\"column\">\n\t\t\t<div class=\"elementor-widget-wrap elementor-element-populated\">\n\t\t\t\t\t\t<div class=\"elementor-element elementor-element-b67de68 elementor-widget elementor-widget-heading\" data-id=\"b67de68\" data-element_type=\"widget\" data-widget_type=\"heading.default\">\n\t\t\t\t<div class=\"elementor-widget-container\">\n\t\t\t\t\t<h2 class=\"elementor-heading-title elementor-size-default\">Platform<\/h2>\t\t\t\t<\/div>\n\t\t\t\t<\/div>\n\t\t\t\t<div class=\"elementor-element elementor-element-f040ec6 elementor-widget elementor-widget-heading\" data-id=\"f040ec6\" data-element_type=\"widget\" data-widget_type=\"heading.default\">\n\t\t\t\t<div class=\"elementor-widget-container\">\n\t\t\t\t\t<h2 class=\"elementor-heading-title elementor-size-default\">Monitoreo Predictivo en tiempo real e informaci\u00f3n procesable<\/h2>\t\t\t\t<\/div>\n\t\t\t\t<\/div>\n\t\t\t\t<div class=\"elementor-element elementor-element-49f7b21 elementor-widget elementor-widget-text-editor\" data-id=\"49f7b21\" data-element_type=\"widget\" data-widget_type=\"text-editor.default\">\n\t\t\t\t<div class=\"elementor-widget-container\">\n\t\t\t\t\t\t\t\t\t<p>Access our intuitive web-app to monitor your plant\u2019s status in real time from any device. Our reports provide key information to help you make strategic decisions that will optimize your production.<\/p>\t\t\t\t\t\t\t\t<\/div>\n\t\t\t\t<\/div>\n\t\t\t\t<div class=\"elementor-element elementor-element-2c84c2f elementor-widget elementor-widget-text-editor\" data-id=\"2c84c2f\" data-element_type=\"widget\" data-widget_type=\"text-editor.default\">\n\t\t\t\t<div class=\"elementor-widget-container\">\n\t\t\t\t\t\t\t\t\t<ul><li data-start=\"640\" data-end=\"736\">Asset status with color-coded identification<\/li><li data-start=\"737\" data-end=\"849\">Assets sorted by criticality with recommended actions from our reliability experts<\/li><li data-start=\"850\" data-end=\"940\">Event traceability, repairs, and diagnostics for each asset<\/li><li data-start=\"941\" data-end=\"1065\">Historical trends of each monitored variable<\/li><\/ul>\t\t\t\t\t\t\t\t<\/div>\n\t\t\t\t<\/div>\n\t\t\t\t<div class=\"elementor-element elementor-element-e997394 elementor-mobile-align-center elementor-widget elementor-widget-button\" data-id=\"e997394\" data-element_type=\"widget\" data-widget_type=\"button.default\">\n\t\t\t\t<div class=\"elementor-widget-container\">\n\t\t\t\t\t\t\t\t\t<div class=\"elementor-button-wrapper\">\n\t\t\t\t\t<a class=\"elementor-button elementor-button-link elementor-size-md\" href=\"#contacto-3\">\n\t\t\t\t\t\t<span class=\"elementor-button-content-wrapper\">\n\t\t\t\t\t\t<span class=\"elementor-button-icon\">\n\t\t\t\t<svg xmlns=\"http:\/\/www.w3.org\/2000\/svg\" width=\"35\" height=\"29\" viewbox=\"0 0 35 29\" fill=\"none\"><path d=\"M0.0527344 28.5265V25.3686H34.7896V28.5265H0.0527344ZM4.78958 23.7897C3.92116 23.7897 3.178 23.4807 2.5601 22.8628C1.94221 22.2449 1.63273 21.5013 1.63168 20.6318V3.26336C1.63168 2.39494 1.94116 1.65178 2.5601 1.03389C3.17905 0.415995 3.92221 0.106521 4.78958 0.105469H30.0527C30.9212 0.105469 31.6648 0.414943 32.2838 1.03389C32.9027 1.65284 33.2117 2.396 33.2106 3.26336V20.6318C33.2106 21.5002 32.9017 22.2439 32.2838 22.8628C31.6659 23.4818 30.9222 23.7907 30.0527 23.7897H4.78958ZM4.78958 20.6318H30.0527V3.26336H4.78958V20.6318Z\" fill=\"#F8F8F8\"><\/path><\/svg>\t\t\t<\/span>\n\t\t\t\t\t\t\t\t\t<span class=\"elementor-button-text\">Request Demo<\/span>\n\t\t\t\t\t<\/span>\n\t\t\t\t\t<\/a>\n\t\t\t\t<\/div>\n\t\t\t\t\t\t\t\t<\/div>\n\t\t\t\t<\/div>\n\t\t\t\t\t<\/div>\n\t\t<\/div>\n\t\t\t\t\t<\/div>\n\t\t<\/section>\n\t\t\t\t<section class=\"elementor-section elementor-top-section elementor-element elementor-element-feff538 elementor-section-boxed elementor-section-height-default elementor-section-height-default\" data-id=\"feff538\" data-element_type=\"section\">\n\t\t\t\t\t\t<div class=\"elementor-container elementor-column-gap-default\">\n\t\t\t\t\t<div class=\"elementor-column elementor-col-100 elementor-top-column elementor-element elementor-element-7207e80\" data-id=\"7207e80\" data-element_type=\"column\">\n\t\t\t<div class=\"elementor-widget-wrap elementor-element-populated\">\n\t\t\t\t\t\t<div class=\"elementor-element elementor-element-d090aab elementor-widget elementor-widget-heading\" data-id=\"d090aab\" data-element_type=\"widget\" data-widget_type=\"heading.default\">\n\t\t\t\t<div class=\"elementor-widget-container\">\n\t\t\t\t\t<h2 class=\"elementor-heading-title elementor-size-default\">Our Success Leads To A Production Without Unplanned Downtimes And A Planified Maintenance.<\/h2>\t\t\t\t<\/div>\n\t\t\t\t<\/div>\n\t\t\t\t\t<\/div>\n\t\t<\/div>\n\t\t\t\t\t<\/div>\n\t\t<\/section>\n\t\t\t\t<section class=\"elementor-section elementor-top-section elementor-element elementor-element-85b7543 elementor-section-boxed elementor-section-height-default elementor-section-height-default\" data-id=\"85b7543\" data-element_type=\"section\" data-settings=\"{&quot;background_background&quot;:&quot;classic&quot;}\">\n\t\t\t\t\t\t<div class=\"elementor-container elementor-column-gap-default\">\n\t\t\t\t\t<div class=\"elementor-column elementor-col-50 elementor-top-column elementor-element elementor-element-2a92b0a\" data-id=\"2a92b0a\" data-element_type=\"column\">\n\t\t\t<div class=\"elementor-widget-wrap elementor-element-populated\">\n\t\t\t\t\t\t<div class=\"elementor-element elementor-element-e924e27 elementor-widget elementor-widget-heading\" data-id=\"e924e27\" data-element_type=\"widget\" data-widget_type=\"heading.default\">\n\t\t\t\t<div class=\"elementor-widget-container\">\n\t\t\t\t\t<h2 class=\"elementor-heading-title elementor-size-default\">Alerts<\/h2>\t\t\t\t<\/div>\n\t\t\t\t<\/div>\n\t\t\t\t<div class=\"elementor-element elementor-element-cea0961 elementor-widget elementor-widget-heading\" data-id=\"cea0961\" data-element_type=\"widget\" data-widget_type=\"heading.default\">\n\t\t\t\t<div class=\"elementor-widget-container\">\n\t\t\t\t\t<h2 class=\"elementor-heading-title elementor-size-default\">Instant Detection<\/h2>\t\t\t\t<\/div>\n\t\t\t\t<\/div>\n\t\t\t\t<div class=\"elementor-element elementor-element-b3f9192 elementor-widget elementor-widget-text-editor\" data-id=\"b3f9192\" data-element_type=\"widget\" data-widget_type=\"text-editor.default\">\n\t\t\t\t<div class=\"elementor-widget-container\">\n\t\t\t\t\t\t\t\t\t<p>Our platform sends real-time alerts about any changes in the health of your assets, keeping you informed 24\/7 about every part of your industrial plant.<\/p>\t\t\t\t\t\t\t\t<\/div>\n\t\t\t\t<\/div>\n\t\t\t\t<div class=\"elementor-element elementor-element-a22ee5b elementor-widget elementor-widget-text-editor\" data-id=\"a22ee5b\" data-element_type=\"widget\" data-widget_type=\"text-editor.default\">\n\t\t\t\t<div class=\"elementor-widget-container\">\n\t\t\t\t\t\t\t\t\t<ul><li data-start=\"1290\" data-end=\"1374\">Immediate notifications in case of anomalies<\/li><li data-start=\"1375\" data-end=\"1517\">Alerts via multiple channels (SMS, Telegram, Email, and Maper App) to ensure effective communication<\/li><li data-start=\"1518\" data-end=\"1608\">Specific maintenance actions for each alert, tailored to the asset<\/li><\/ul>\t\t\t\t\t\t\t\t<\/div>\n\t\t\t\t<\/div>\n\t\t\t\t\t<\/div>\n\t\t<\/div>\n\t\t\t\t<div class=\"elementor-column elementor-col-50 elementor-top-column elementor-element elementor-element-810502a\" data-id=\"810502a\" data-element_type=\"column\">\n\t\t\t<div class=\"elementor-widget-wrap elementor-element-populated\">\n\t\t\t\t\t\t<div class=\"elementor-element elementor-element-fd2a15f elementor-widget elementor-widget-image\" data-id=\"fd2a15f\" data-element_type=\"widget\" data-widget_type=\"image.default\">\n\t\t\t\t<div class=\"elementor-widget-container\">\n\t\t\t\t\t\t\t\t\t\t\t\t\t\t\t<img decoding=\"async\" width=\"768\" height=\"895\" src=\"https:\/\/maper-tech.com\/wp-content\/uploads\/2024\/04\/Group-39498-768x895.png\" class=\"attachment-medium_large size-medium_large wp-image-16321\" alt=\"Maper - Notificaciones 24\/7\" srcset=\"https:\/\/maper-tech.com\/wp-content\/uploads\/2024\/04\/Group-39498-768x895.png 768w, https:\/\/maper-tech.com\/wp-content\/uploads\/2024\/04\/Group-39498-257x300.png 257w, https:\/\/maper-tech.com\/wp-content\/uploads\/2024\/04\/Group-39498-878x1024.png 878w, https:\/\/maper-tech.com\/wp-content\/uploads\/2024\/04\/Group-39498-10x12.png 10w, https:\/\/maper-tech.com\/wp-content\/uploads\/2024\/04\/Group-39498.png 990w\" sizes=\"(max-width: 768px) 100vw, 768px\" \/>\t\t\t\t\t\t\t\t\t\t\t\t\t\t\t<\/div>\n\t\t\t\t<\/div>\n\t\t\t\t\t<\/div>\n\t\t<\/div>\n\t\t\t\t\t<\/div>\n\t\t<\/section>\n\t\t\t\t<section class=\"elementor-section elementor-top-section elementor-element elementor-element-7eac408 elementor-section-content-middle elementor-section-boxed elementor-section-height-default elementor-section-height-default\" data-id=\"7eac408\" data-element_type=\"section\" id=\"contacto-3\" data-settings=\"{&quot;background_background&quot;:&quot;classic&quot;,&quot;shape_divider_top&quot;:&quot;tilt&quot;}\">\n\t\t\t\t\t\t\t<div class=\"elementor-background-overlay\"><\/div>\n\t\t\t\t\t\t<div class=\"elementor-shape elementor-shape-top\" aria-hidden=\"true\" data-negative=\"false\">\n\t\t\t<svg xmlns=\"http:\/\/www.w3.org\/2000\/svg\" viewbox=\"0 0 1000 100\" preserveaspectratio=\"none\">\n\t<path class=\"elementor-shape-fill\" d=\"M0,6V0h1000v100L0,6z\"\/>\n<\/svg>\t\t<\/div>\n\t\t\t\t\t<div class=\"elementor-container elementor-column-gap-no\">\n\t\t\t\t\t<div class=\"elementor-column elementor-col-100 elementor-top-column elementor-element elementor-element-dd2eb97\" data-id=\"dd2eb97\" data-element_type=\"column\">\n\t\t\t<div class=\"elementor-widget-wrap elementor-element-populated\">\n\t\t\t\t\t\t<div class=\"elementor-element elementor-element-f6eb64a elementor-widget elementor-widget-menu-anchor\" data-id=\"f6eb64a\" data-element_type=\"widget\" data-widget_type=\"menu-anchor.default\">\n\t\t\t\t<div class=\"elementor-widget-container\">\n\t\t\t\t\t\t\t<div class=\"elementor-menu-anchor\" id=\"contact\"><\/div>\n\t\t\t\t\t\t<\/div>\n\t\t\t\t<\/div>\n\t\t\t\t<div class=\"elementor-element elementor-element-d94b27e elementor-view-stacked elementor-shape-square elementor-widget elementor-widget-icon\" data-id=\"d94b27e\" data-element_type=\"widget\" data-widget_type=\"icon.default\">\n\t\t\t\t<div class=\"elementor-widget-container\">\n\t\t\t\t\t\t\t<div class=\"elementor-icon-wrapper\">\n\t\t\t<div class=\"elementor-icon\">\n\t\t\t<i aria-hidden=\"true\" class=\"fas fa-lightbulb\"><\/i>\t\t\t<\/div>\n\t\t<\/div>\n\t\t\t\t\t\t<\/div>\n\t\t\t\t<\/div>\n\t\t\t\t<div class=\"elementor-element elementor-element-93ed797 elementor-widget elementor-widget-heading\" data-id=\"93ed797\" data-element_type=\"widget\" data-widget_type=\"heading.default\">\n\t\t\t\t<div class=\"elementor-widget-container\">\n\t\t\t\t\t<h3 class=\"elementor-heading-title elementor-size-default\">TRIAL DEPLOY<\/h3>\t\t\t\t<\/div>\n\t\t\t\t<\/div>\n\t\t\t\t<div class=\"elementor-element elementor-element-7cf5ec6 elementor-widget elementor-widget-heading\" data-id=\"7cf5ec6\" data-element_type=\"widget\" data-widget_type=\"heading.default\">\n\t\t\t\t<div class=\"elementor-widget-container\">\n\t\t\t\t\t<h2 class=\"elementor-heading-title elementor-size-xl\"><span style=\"color: var( --e-global-color-text );font-family: var( --e-global-typography-primary-font-family ), Sans-serif;font-weight: var( --e-global-typography-primary-font-weight )\"><\/span>Ready to transform your maintenance strategy?<\/h2>\t\t\t\t<\/div>\n\t\t\t\t<\/div>\n\t\t\t\t<div class=\"elementor-element elementor-element-afa6c48 elementor-widget elementor-widget-text-editor\" data-id=\"afa6c48\" data-element_type=\"widget\" data-widget_type=\"text-editor.default\">\n\t\t\t\t<div class=\"elementor-widget-container\">\n\t\t\t\t\t\t\t\t\t<p>Contact us today for a demo or more information. Let\u2019s work together to keep your operations running at peak efficiency.<\/p>\t\t\t\t\t\t\t\t<\/div>\n\t\t\t\t<\/div>\n\t\t\t\t<div class=\"elementor-element elementor-element-1eb4b39 elementor-widget__width-initial elementor-widget elementor-widget-shortcode\" data-id=\"1eb4b39\" data-element_type=\"widget\" data-no-translation=\"\" data-widget_type=\"shortcode.default\">\n\t\t\t\t<div class=\"elementor-widget-container\">\n\t\t\t\t\t<style>.elementor-element-1eb4b39{display:none !important}<\/style>\t\t\t\t<\/div>\n\t\t\t\t<\/div>\n\t\t\t\t<div class=\"elementor-element elementor-element-baabc81 elementor-widget__width-initial elementor-widget elementor-widget-shortcode\" data-id=\"baabc81\" data-element_type=\"widget\" data-no-translation=\"\" data-widget_type=\"shortcode.default\">\n\t\t\t\t<div class=\"elementor-widget-container\">\n\t\t\t\t\t\t\t<div class=\"elementor-shortcode\"><script charset=\"utf-8\" type=\"text\/javascript\" src=\"\/\/js.hsforms.net\/forms\/shell.js\"><\/script>\n<script>\n  hbspt.forms.create({\n\tregion: \"na1\",\n\tportalId: \"7369765\",\n\tformId: \"7b9e77a3-7bc4-4ec3-bf6f-ee0d3a28391d\"\n});\n<\/script><\/div>\n\t\t\t\t\t\t<\/div>\n\t\t\t\t<\/div>\n\t\t\t\t<div class=\"elementor-element elementor-element-f87b6eb elementor-widget elementor-widget-spacer\" data-id=\"f87b6eb\" data-element_type=\"widget\" data-widget_type=\"spacer.default\">\n\t\t\t\t<div class=\"elementor-widget-container\">\n\t\t\t\t\t\t\t<div class=\"elementor-spacer\">\n\t\t\t<div class=\"elementor-spacer-inner\"><\/div>\n\t\t<\/div>\n\t\t\t\t\t\t<\/div>\n\t\t\t\t<\/div>\n\t\t\t\t\t<\/div>\n\t\t<\/div>\n\t\t\t\t\t<\/div>\n\t\t<\/section>\n\t\t\t\t<\/div>","protected":false},"excerpt":{"rendered":"<p>Conozca el estado de su planta en todo momento Visualiza el estado de su proceso productivo donde quiera que est\u00e9, para predecir fallas en los activos y modernizar la planificaci\u00f3n de su mantenimiento. Solicitar demo Plataforma Monitoreo Predictivo en tiempo real e informaci\u00f3n procesable Acceda a una aplicaci\u00f3n web intuitiva que le permite monitorear el [&hellip;]<\/p>","protected":false},"author":10,"featured_media":0,"parent":0,"menu_order":0,"comment_status":"closed","ping_status":"closed","template":"elementor_header_footer","meta":{"content-type":"","site-sidebar-layout":"no-sidebar","site-content-layout":"page-builder","ast-site-content-layout":"full-width-container","site-content-style":"unboxed","site-sidebar-style":"unboxed","ast-global-header-display":"","ast-banner-title-visibility":"","ast-main-header-display":"","ast-hfb-above-header-display":"","ast-hfb-below-header-display":"","ast-hfb-mobile-header-display":"","site-post-title":"disabled","ast-breadcrumbs-content":"","ast-featured-img":"disabled","footer-sml-layout":"","theme-transparent-header-meta":"default","adv-header-id-meta":"","stick-header-meta":"","header-above-stick-meta":"","header-main-stick-meta":"","header-below-stick-meta":"","astra-migrate-meta-layouts":"set","ast-page-background-enabled":"default","ast-page-background-meta":{"desktop":{"background-color":"","background-image":"","background-repeat":"repeat","background-position":"center center","background-size":"auto","background-attachment":"scroll","background-type":"","background-media":"","overlay-type":"","overlay-color":"","overlay-opacity":"","overlay-gradient":""},"tablet":{"background-color":"","background-image":"","background-repeat":"repeat","background-position":"center center","background-size":"auto","background-attachment":"scroll","background-type":"","background-media":"","overlay-type":"","overlay-color":"","overlay-opacity":"","overlay-gradient":""},"mobile":{"background-color":"","background-image":"","background-repeat":"repeat","background-position":"center center","background-size":"auto","background-attachment":"scroll","background-type":"","background-media":"","overlay-type":"","overlay-color":"","overlay-opacity":"","overlay-gradient":""}},"ast-content-background-meta":{"desktop":{"background-color":"var(--ast-global-color-5)","background-image":"","background-repeat":"repeat","background-position":"center center","background-size":"auto","background-attachment":"scroll","background-type":"","background-media":"","overlay-type":"","overlay-color":"","overlay-opacity":"","overlay-gradient":""},"tablet":{"background-color":"var(--ast-global-color-5)","background-image":"","background-repeat":"repeat","background-position":"center center","background-size":"auto","background-attachment":"scroll","background-type":"","background-media":"","overlay-type":"","overlay-color":"","overlay-opacity":"","overlay-gradient":""},"mobile":{"background-color":"var(--ast-global-color-5)","background-image":"","background-repeat":"repeat","background-position":"center center","background-size":"auto","background-attachment":"scroll","background-type":"","background-media":"","overlay-type":"","overlay-color":"","overlay-opacity":"","overlay-gradient":""}},"cybocfi_hide_featured_image":"","footnotes":""},"class_list":["post-16303","page","type-page","status-publish","hentry"],"aioseo_notices":[],"_links":{"self":[{"href":"https:\/\/global.mapertech.com\/en\/wp-json\/wp\/v2\/pages\/16303","targetHints":{"allow":["GET"]}}],"collection":[{"href":"https:\/\/global.mapertech.com\/en\/wp-json\/wp\/v2\/pages"}],"about":[{"href":"https:\/\/global.mapertech.com\/en\/wp-json\/wp\/v2\/types\/page"}],"author":[{"embeddable":true,"href":"https:\/\/global.mapertech.com\/en\/wp-json\/wp\/v2\/users\/10"}],"replies":[{"embeddable":true,"href":"https:\/\/global.mapertech.com\/en\/wp-json\/wp\/v2\/comments?post=16303"}],"version-history":[{"count":95,"href":"https:\/\/global.mapertech.com\/en\/wp-json\/wp\/v2\/pages\/16303\/revisions"}],"predecessor-version":[{"id":18240,"href":"https:\/\/global.mapertech.com\/en\/wp-json\/wp\/v2\/pages\/16303\/revisions\/18240"}],"wp:attachment":[{"href":"https:\/\/global.mapertech.com\/en\/wp-json\/wp\/v2\/media?parent=16303"}],"curies":[{"name":"wp","href":"https:\/\/api.w.org\/{rel}","templated":true}]}}